{"id":58,"date":"2015-04-24T15:52:02","date_gmt":"2015-04-24T13:52:02","guid":{"rendered":"http:\/\/localhost\/Naturheilpraxis-Kober.de\/?page_id=58"},"modified":"2025-06-04T22:07:59","modified_gmt":"2025-06-04T20:07:59","slug":"kontakt","status":"publish","type":"page","link":"http:\/\/naturheilpraxis-kober.de\/?page_id=58","title":{"rendered":"Kontakt"},"content":{"rendered":"<h3><a href=\"http:\/\/naturheilpraxis-kober.de\/wp-content\/uploads\/Naturheilpraxis-Helga-Kober-Profilbild-1-rotated.jpg\"><img class=\"alignright\" src=\"http:\/\/naturheilpraxis-kober.de\/wp-content\/uploads\/Naturheilpraxis-Helga-Kober-Profilbild-1-225x300.jpg\" alt=\"Helga Kober Profil\" \/><\/a><br \/>\nNaturheilpraxis Kober<\/h3>\n<p>Helga Kober<br \/>\nKapuzinerberg 10<br \/>\n71263 Weil der Stadt<br \/>\nTel: 07033 80 90 26<br \/>\nE-Mail: <a href=\"mailto:Helga.Kober-wds@t-online.de\">Helga.Kober-wds@t-online.de<\/a><\/p>\n<h3>Praxiszeiten nach Terminvereinbarung<\/h3>\n<p>t\u00e4glich 15 &#8211; 19 Uhr<\/p>\n<h3>Telefonische Terminvereinbarungen<\/h3>\n<p>t\u00e4glich von 13 bis 14 Uhr pers\u00f6nlich m\u00f6glich.<\/p>\n<p>Zu anderen Zeiten sprechen Sie mir bitte auf meinen Anrufbeantworter und ich rufe gerne zur\u00fcck oder Sie <a href=\"mailto:Helga.Kober-wds@t-online.de\">senden mir eine E-Mail<\/a>.<\/p>\n","protected":false},"excerpt":{"rendered":"<p>Naturheilpraxis Kober Helga Kober Kapuzinerberg 10 71263 Weil der Stadt Tel: 07033 80 90 26 E-Mail: Helga.Kober-wds@t-online.de Praxiszeiten nach Terminvereinbarung t\u00e4glich 15 &#8211; 19 Uhr Telefonische Terminvereinbarungen t\u00e4glich von 13 bis 14 Uhr pers\u00f6nlich m\u00f6glich. Zu anderen Zeiten sprechen Sie mir bitte auf meinen Anrufbeantworter und ich rufe gerne zur\u00fcck oder Sie senden mir eine [&hellip;]<\/p>\n","protected":false},"author":1,"featured_media":0,"parent":0,"menu_order":0,"comment_status":"closed","ping_status":"closed","template":"page-kontakt.php","meta":[],"_links":{"self":[{"href":"http:\/\/naturheilpraxis-kober.de\/index.php?rest_route=\/wp\/v2\/pages\/58"}],"collection":[{"href":"http:\/\/naturheilpraxis-kober.de\/index.php?rest_route=\/wp\/v2\/pages"}],"about":[{"href":"http:\/\/naturheilpraxis-kober.de\/index.php?rest_route=\/wp\/v2\/types\/page"}],"author":[{"embeddable":true,"href":"http:\/\/naturheilpraxis-kober.de\/index.php?rest_route=\/wp\/v2\/users\/1"}],"replies":[{"embeddable":true,"href":"http:\/\/naturheilpraxis-kober.de\/index.php?rest_route=%2Fwp%2Fv2%2Fcomments&post=58"}],"version-history":[{"count":8,"href":"http:\/\/naturheilpraxis-kober.de\/index.php?rest_route=\/wp\/v2\/pages\/58\/revisions"}],"predecessor-version":[{"id":164,"href":"http:\/\/naturheilpraxis-kober.de\/index.php?rest_route=\/wp\/v2\/pages\/58\/revisions\/164"}],"wp:attachment":[{"href":"http:\/\/naturheilpraxis-kober.de\/index.php?rest_route=%2Fwp%2Fv2%2Fmedia&parent=58"}],"curies":[{"name":"wp","href":"https:\/\/api.w.org\/{rel}","templated":true}]}}