{"id":18,"date":"2015-04-24T14:56:00","date_gmt":"2015-04-24T12:56:00","guid":{"rendered":"http:\/\/localhost\/Naturheilpraxis-Kober.de\/?page_id=18"},"modified":"2015-04-25T15:55:23","modified_gmt":"2015-04-25T13:55:23","slug":"klangmassage","status":"publish","type":"page","link":"http:\/\/naturheilpraxis-kober.de\/?page_id=18","title":{"rendered":"Klangmassage"},"content":{"rendered":"<p><strong>Klangschalen sind aus dem Osten zu uns gekommen,<\/strong> aber auch in unserer Kultur kennen wir die Kraft der Kl\u00e4nge. Wer schon mal ein Konzert in einer Kirche erlebt hat, wei\u00df was gemeint ist. Kirchen sind ein gro\u00dfer Resonanzk\u00f6rper, in dem wir Musik und Kl\u00e4nge k\u00f6rperlich sp\u00fcren und erleben k\u00f6nnen. Sie ber\u00fchren unseren K\u00f6rper, unser Herz und unsere Seele.<\/p>\n<p><strong>Alles in unserer Welt ist in Schwingung.<\/strong> Jedes Atom, jede Zelle, alles schwingt in seiner eigenen Frequenz. Jede Schwingung kann man in den h\u00f6rbaren Bereich oktavieren und als Klang widergeben.<\/p>\n<p><strong>Wir arbeiten mit Klangschalen.<\/strong> Klangschalen werden sanft angeschlagen und auf unseren bekleideten K\u00f6rper gesetzt und so f\u00fcr uns sp\u00fcrbar. Wie ein Stein der ins Wasser f\u00e4llt und Wellen erzeugt, breitet sich die Schwingung der Schalen in unserem K\u00f6rper aus. Unser Ohr h\u00f6rt nur die Kl\u00e4nge, doch unser K\u00f6rper erlebt die Kl\u00e4nge, jede Zelle tanzt mit ihnen. Wir sind t\u00e4glich einer Vielzahl von Ger\u00e4usch und L\u00e4rmquellen ausgesetzt (Autos, Flugzeuge, Maschinen im Haushalt, bei der Arbeit usw.) Ebenso wie L\u00e4rm krank machen kann, k\u00f6nnen Kl\u00e4nge auch zur Heilung beitragen und<\/p>\n<ul>\n<li>Verspannungen l\u00f6sen<\/li>\n<li>Stress abbauen<\/li>\n<li>Durchblutung anregen<\/li>\n<li>Schlafqualit\u00e4t verbessern<\/li>\n<li>Lebensfreude zur\u00fcckbringen<\/li>\n<li>Kreativit\u00e4t f\u00f6rdern<\/li>\n<li>helfen den Alltag leichter zu meistern<\/li>\n<\/ul>\n<p>Harmonischer Klang kann uns einh\u00fcllen, entspannen und uns ganz zu uns selbst bringen. Eine Klangmassage kann also zur tiefen Entspannung angewandt werden oder auch als Therapie zur L\u00f6sung von psychischen oder k\u00f6rperlichen Blockaden.<\/p>\n<p><strong>Es gibt eine Vielzahl von Klangschalen,<\/strong> gro\u00dfe, kleine, gl\u00e4nzende, matte, antike, neue, aus Metall, aus Quarz, gegossene oder von Hand geh\u00e4mmerte; Schalen aus Japan, China, Indien oder Tibet; Klangschalen in allen Tonlagen, hoch oder auch ganz tief klingende, Schalen, deren Klang uns fr\u00f6hlich, ruhig oder auch traurig macht. Nicht alle sind zur Klangmassage geeignet. Eine sehr gute therapeutische Wirkung haben Planetenschalen.<\/p>\n<p><strong>Jeder Planet hat seinen eigenen Rhythmus.<\/strong> Klangschalen, deren Schwingung diesem Rhythmus entsprechen nennen wir Planetenschalen. Die Schwingung dieser Schalen korrespondiert mit den 7 Hauptenergie zentren, den Chakren des Menschen. Oktaviert man z.B. den Erdrhythmus in den h\u00f6rbaren Bereich, so schwingt unsere Erde in dem Ton G. Der Erdenton kann uns \u201eerden\u201c. Er wird deshalb haupts\u00e4chlich an den F\u00fc\u00dfen und am Stei\u00dfbein eingesetzt.<\/p>\n<p><strong>Therapeutische Arbeit mit Planetenschalen<\/strong> Es kommt vor, dass sich der Klang der Schale \u00fcber einer bestimmten K\u00f6rperregion ver\u00e4ndert (der Ton wird schrill oder er bricht ab), meist handelt es sich hier um einen blockierten Bereich. Mit der Klangschale erh\u00e4lt unser K\u00f6rper den Impuls die Blockade zu l\u00f6sen und diesen K\u00f6rperbereich zu befreien und zu entspannen. M\u00f6glicherweise nehmen wir eine Schale als besonders harmonisch oder disharmonisch wahr, hier empfiehlt es sich das Thema der Schale einer genauen Betrachtung zu unterziehen.<\/p>\n<p><strong>Geschenkgutscheine erh\u00e4ltlich.<\/strong><\/p>\n","protected":false},"excerpt":{"rendered":"<p>Klangschalen sind aus dem Osten zu uns gekommen, aber auch in unserer Kultur kennen wir die Kraft der Kl\u00e4nge. Wer schon mal ein Konzert in einer Kirche erlebt hat, wei\u00df was gemeint ist. Kirchen sind ein gro\u00dfer Resonanzk\u00f6rper, in dem wir Musik und Kl\u00e4nge k\u00f6rperlich sp\u00fcren und erleben k\u00f6nnen. Sie ber\u00fchren unseren K\u00f6rper, unser Herz [&hellip;]<\/p>\n","protected":false},"author":1,"featured_media":0,"parent":21,"menu_order":0,"comment_status":"closed","ping_status":"closed","template":"page-therapien.php","meta":[],"_links":{"self":[{"href":"http:\/\/naturheilpraxis-kober.de\/index.php?rest_route=\/wp\/v2\/pages\/18"}],"collection":[{"href":"http:\/\/naturheilpraxis-kober.de\/index.php?rest_route=\/wp\/v2\/pages"}],"about":[{"href":"http:\/\/naturheilpraxis-kober.de\/index.php?rest_route=\/wp\/v2\/types\/page"}],"author":[{"embeddable":true,"href":"http:\/\/naturheilpraxis-kober.de\/index.php?rest_route=\/wp\/v2\/users\/1"}],"replies":[{"embeddable":true,"href":"http:\/\/naturheilpraxis-kober.de\/index.php?rest_route=%2Fwp%2Fv2%2Fcomments&post=18"}],"version-history":[{"count":1,"href":"http:\/\/naturheilpraxis-kober.de\/index.php?rest_route=\/wp\/v2\/pages\/18\/revisions"}],"predecessor-version":[{"id":20,"href":"http:\/\/naturheilpraxis-kober.de\/index.php?rest_route=\/wp\/v2\/pages\/18\/revisions\/20"}],"up":[{"embeddable":true,"href":"http:\/\/naturheilpraxis-kober.de\/index.php?rest_route=\/wp\/v2\/pages\/21"}],"wp:attachment":[{"href":"http:\/\/naturheilpraxis-kober.de\/index.php?rest_route=%2Fwp%2Fv2%2Fmedia&parent=18"}],"curies":[{"name":"wp","href":"https:\/\/api.w.org\/{rel}","templated":true}]}}